{"id":2588,"date":"2022-04-13T09:27:45","date_gmt":"2022-04-13T09:27:45","guid":{"rendered":"https:\/\/motobomba-incendio.com\/?page_id=2588"},"modified":"2023-05-24T15:24:39","modified_gmt":"2023-05-24T15:24:39","slug":"kits-contra-incendios-articulo-motobomba","status":"publish","type":"page","link":"https:\/\/motobomba-incendio.com\/en\/kits-contra-incendios-articulo-motobomba\/","title":{"rendered":"Kits contra incendios &#8211; Los fundamentos sobre la Alta Presi\u00f3n"},"content":{"rendered":"<h1>Kits contra incendios &#8211; Los fundamentos sobre la Alta Presi\u00f3n<\/h1>\n<p>Actualidad &#8211; Bomba Incendio<\/p>\n<p><img decoding=\"async\" width=\"1280\" height=\"960\" src=\"https:\/\/motobomba-incendio.com\/wp-content\/uploads\/2022\/04\/SAM_0235-1.jpeg\" alt=\"Fire Ext 3\" loading=\"lazy\" srcset=\"https:\/\/motobomba-incendio.com\/wp-content\/uploads\/2022\/04\/SAM_0235-1.jpeg 1280w, https:\/\/motobomba-incendio.com\/wp-content\/uploads\/2022\/04\/SAM_0235-1-768x576.jpeg 768w, https:\/\/motobomba-incendio.com\/wp-content\/uploads\/2022\/04\/SAM_0235-1-600x450.jpeg 600w\" sizes=\"auto, (max-width: 1280px) 100vw, 1280px\"><\/p>\n<h2>Bases fundamentales<\/h2>\n<p>En todos los incendios, especialmente forestales, hay 2 problemas principales<\/p>\n<ul>\n<li>La distancia&nbsp;<\/li>\n<li>La falta de agua<\/li>\n<\/ul>\n<p>Flujo critico (CFR): se define como el flujo minimo de agua necesario para apagar suficientemente un fuego en una superficie dada. En un futuro pr\u00f3ximo habr\u00e1 que encontrar soluciones para reducir el \u00abflujo critico\u00bb m\u00e1ximo en caso de incendio forestal y para ello deberemos encontrar m\u00e9todos de extinci\u00f3n que permitan ahorrar el agua escasa y cubrir grandes distancias con un peso y un volumen de equipo cada vez m\u00e1s bajo en plazos breves. A lo largo de los a\u00f1os, se han desarrollado nuevas tecnolog\u00edas para permitir una intervenci\u00f3n con la menor cantidad de agua posible en funci\u00f3n de la capacidad de extinci\u00f3n y con un peso y un volumen de equipo cada vez m\u00e1s bajos. Los equipos eficientes pueden variar las distancias en menos tiempo y peso.<\/p>\n<p><img decoding=\"async\" width=\"1280\" height=\"960\" src=\"https:\/\/motobomba-incendio.com\/wp-content\/uploads\/2022\/04\/Kits-anti-incendie-lutte-contre-les-feux-urbain-et-forestier-1.jpeg\" alt=\"Extinguish 2\" loading=\"lazy\" srcset=\"https:\/\/motobomba-incendio.com\/wp-content\/uploads\/2022\/04\/Kits-anti-incendie-lutte-contre-les-feux-urbain-et-forestier-1.jpeg 1280w, https:\/\/motobomba-incendio.com\/wp-content\/uploads\/2022\/04\/Kits-anti-incendie-lutte-contre-les-feux-urbain-et-forestier-1-768x576.jpeg 768w, https:\/\/motobomba-incendio.com\/wp-content\/uploads\/2022\/04\/Kits-anti-incendie-lutte-contre-les-feux-urbain-et-forestier-1-600x450.jpeg 600w\" sizes=\"auto, (max-width: 1280px) 100vw, 1280px\"><\/p>\n<h2>Estudio de caso f\u00edsico simple<\/h2>\n<p>Los estudios fueron realizados en la d\u00e9cada de 1930 por la brigada de bomberos de Par\u00eds. El caso se refer\u00eda a la superficie de contacto de una gota de agua:<\/p>\n<p>Si una gota de agua de un radio de 1mm se divide en gotas de un radio de 0,01 mm, la superficie de refrigeraci\u00f3n total pasara de 6m a 600 m y el numero de gotas sera de 1,9 trill\u00f3n de gotas.<\/p>\n<p>Comparaci\u00f3n de la extinci\u00f3n a baja presi\u00f3n (7 bar) y alta presi\u00f3n (40 bar) seg\u00fan el estudio \u00abSvensson y Lundstrom\u00bb de 1999.<\/p>\n<p>CONCLUSI\u00d3N : La alta presi\u00f3n ofrece un mayor ahorro de agua, un flujo menos cr\u00edtico y una estabilidad de fijaci\u00f3n de la gota de agua frente al combustible por sistema de capilaridad. Para la extinci\u00f3n de 1000 m2 de superficie, la alta presi\u00f3n utiliza un 50 % menos de agua que la baja presi\u00f3n<\/p>\n<h2>Principios de eficacia de extinci\u00f3n con agua y\/ o espuma de alta presi\u00f3n<\/h2>\n<ul>\n<li>Eficiencia debido al aumento de la superficie de intercambio t\u00e9rmico : La capacidad de enfriamiento aumenta en funci\u00f3n de la superficie de intercambio t\u00e9rmico de las gotas. El aumentar la presi\u00f3n sobre el agua, se divide en en gotas de menor calibre, pero para ello es necesario multiplicar la superficie de contacto.&nbsp;<\/li>\n<li>Eficiencia de absorci\u00f3n de calor : La extinci\u00f3n se puede hacer gracias a la vaporizaci\u00f3n de agua que permite absorber una gran cantidad de calor. Para que la etapa de estado de liquido en estado \u00abvapor\u00bb se realice, el agua necesita una candidad de calor igual a 573 Kcal (2395 Kj). Los sistemas tradicionales producen gotas de agua relativamente grandes con peque\u00f1as ares de enfriamiento. En la Republica Popular China, solo un peque\u00f1o porcentaje de agua se evapora y se utiliza para la extinci\u00f3n. Por est\u00e1 raz\u00f3n, se necesitan grandes cantidades de agua para superar el valor critico. Si se aumenta la presi\u00f3n del extintor para que las gotas de agua tengan solo la mitad del di\u00e1metro anterior, el consumo del extintor y los tiempos de extinci\u00f3n se reducir\u00e1n a la mitad o incluso a velocidades mas bajas.<\/li>\n<li>Eficacia debida a la asfixia : La tendencia a propagarse durante la vaporizaci\u00f3n es otra caracter\u00edstica del agua que le permite aumentar su capacidad de extinci\u00f3n. As\u00ed, a 100 &#8211; un litro de agua se convierte en 1700 litros de vapor. Naturalmente, al aumentar la temperatura, la cantidad de vapor aumenta; de hecho, a 260 &#8211; esto es lo que sucede: 1 litro de agua se convierte en 2400 litros de vapor y 6500 litros (en 4200 litros). El principio seg\u00fan el cual el vapor contribuye a la extinci\u00f3n es la asfixia. El agua fraccionada ocupa el espacio que rodea el fuego, priv\u00e1ndolo del oxigeno esencial para su combusti\u00f3n e impidiendo su reactivaci\u00f3n. El valor condensado permite tambi\u00e9n eliminar una parte de los gases y humos durante la combusti\u00f3n presente en locales cerrados. (Al comparar el agua a 100 bar con agua a 40 bar de presi\u00f3n, a 100 bar se crea una cortina de niebla de agua 3 veces m\u00e1s voluminosa que a 40 bar, y con un consumo similar.<\/li>\n<li>Eficacia por impacto : La extinci\u00f3n puede realizarse mediante la vaporizaci\u00f3n del agua, que permite absorber una gran cantidad de calor. Para que la etapa de estado de liquido en estado \u00abvapor\u00bb se realice, el agua necesita una cantidad de calor igual a 573 Kcal (2395 KJ). Los sistemas tradicionales producen gotas de agua relativamente grandes con peque\u00f1as areas de de enfriamiento. En la Rep\u00fablica Popular de China, solo un peque\u00f1o porcentaje del agua se evapora y se utiliza para la extinci\u00f3n. Por esta raz\u00f3n, se necesitan grandes cantidades de agua para superar el valor critico. Si se aumenta la presi\u00f3n del extintor para que las gotas de agua tengan solo la mitad del di\u00e1metro anterior, el consumo del extintor y los tiempos de extinci\u00f3n se reducir\u00e1n a la mitad o incluso a velocidades m\u00e1s bajadas.<\/li>\n<\/ul>","protected":false},"excerpt":{"rendered":"<p>Kits contra incendios &#8211; Los fundamentos sobre la Alta Presi\u00f3n Actualidad &#8211; Bomba Incendio Bases fundamentales En todos los incendios, especialmente forestales, hay 2 problemas principales La distancia&nbsp; La falta de agua Flujo critico (CFR): se define como el flujo minimo de agua necesario para apagar suficientemente un fuego en una superficie dada. En un [&hellip;]<\/p>","protected":false},"author":2,"featured_media":0,"parent":0,"menu_order":0,"comment_status":"closed","ping_status":"closed","template":"","meta":{"site-sidebar-layout":"no-sidebar","site-content-layout":"page-builder","ast-site-content-layout":"default","site-content-style":"default","site-sidebar-style":"default","ast-global-header-display":"","ast-banner-title-visibility":"","ast-main-header-display":"","ast-hfb-above-header-display":"","ast-hfb-below-header-display":"","ast-hfb-mobile-header-display":"","site-post-title":"disabled","ast-breadcrumbs-content":"","ast-featured-img":"disabled","footer-sml-layout":"","theme-transparent-header-meta":"","adv-header-id-meta":"","stick-header-meta":"","header-above-stick-meta":"","header-main-stick-meta":"","header-below-stick-meta":"","astra-migrate-meta-layouts":"default","ast-page-background-enabled":"default","ast-page-background-meta":{"desktop":{"background-color":"var(--ast-global-color-4)","background-image":"","background-repeat":"repeat","background-position":"center center","background-size":"auto","background-attachment":"scroll","background-type":"","background-media":"","overlay-type":"","overlay-color":"","overlay-opacity":"","overlay-gradient":""},"tablet":{"background-color":"","background-image":"","background-repeat":"repeat","background-position":"center center","background-size":"auto","background-attachment":"scroll","background-type":"","background-media":"","overlay-type":"","overlay-color":"","overlay-opacity":"","overlay-gradient":""},"mobile":{"background-color":"","background-image":"","background-repeat":"repeat","background-position":"center center","background-size":"auto","background-attachment":"scroll","background-type":"","background-media":"","overlay-type":"","overlay-color":"","overlay-opacity":"","overlay-gradient":""}},"ast-content-background-meta":{"desktop":{"background-color":"var(--ast-global-color-5)","background-image":"","background-repeat":"repeat","background-position":"center center","background-size":"auto","background-attachment":"scroll","background-type":"","background-media":"","overlay-type":"","overlay-color":"","overlay-opacity":"","overlay-gradient":""},"tablet":{"background-color":"var(--ast-global-color-5)","background-image":"","background-repeat":"repeat","background-position":"center center","background-size":"auto","background-attachment":"scroll","background-type":"","background-media":"","overlay-type":"","overlay-color":"","overlay-opacity":"","overlay-gradient":""},"mobile":{"background-color":"var(--ast-global-color-5)","background-image":"","background-repeat":"repeat","background-position":"center center","background-size":"auto","background-attachment":"scroll","background-type":"","background-media":"","overlay-type":"","overlay-color":"","overlay-opacity":"","overlay-gradient":""}},"footnotes":""},"class_list":["post-2588","page","type-page","status-publish","hentry"],"aioseo_notices":[],"_links":{"self":[{"href":"https:\/\/motobomba-incendio.com\/en\/wp-json\/wp\/v2\/pages\/2588","targetHints":{"allow":["GET"]}}],"collection":[{"href":"https:\/\/motobomba-incendio.com\/en\/wp-json\/wp\/v2\/pages"}],"about":[{"href":"https:\/\/motobomba-incendio.com\/en\/wp-json\/wp\/v2\/types\/page"}],"author":[{"embeddable":true,"href":"https:\/\/motobomba-incendio.com\/en\/wp-json\/wp\/v2\/users\/2"}],"replies":[{"embeddable":true,"href":"https:\/\/motobomba-incendio.com\/en\/wp-json\/wp\/v2\/comments?post=2588"}],"version-history":[{"count":17,"href":"https:\/\/motobomba-incendio.com\/en\/wp-json\/wp\/v2\/pages\/2588\/revisions"}],"predecessor-version":[{"id":3425,"href":"https:\/\/motobomba-incendio.com\/en\/wp-json\/wp\/v2\/pages\/2588\/revisions\/3425"}],"wp:attachment":[{"href":"https:\/\/motobomba-incendio.com\/en\/wp-json\/wp\/v2\/media?parent=2588"}],"curies":[{"name":"wp","href":"https:\/\/api.w.org\/{rel}","templated":true}]}}