{"id":2681,"date":"2022-04-19T14:21:38","date_gmt":"2022-04-19T14:21:38","guid":{"rendered":"https:\/\/motobomba-incendio.com\/?page_id=2681"},"modified":"2023-05-24T15:39:41","modified_gmt":"2023-05-24T15:39:41","slug":"noticias","status":"publish","type":"page","link":"https:\/\/motobomba-incendio.com\/en\/noticias\/","title":{"rendered":"Noticias"},"content":{"rendered":"<h1>Noticias<\/h1>\n<p><iframe loading=\"lazy\" width=\"340\" height=\"191\" src=\"https:\/\/www.youtube.com\/embed\/DNYUKXXghg4\" title=\"YouTube video player\" frameborder=\"0\" allow=\"accelerometer; autoplay; clipboard-write; encrypted-media; gyroscope; picture-in-picture\" allowfullscreen=\"\"><\/iframe><\/p>\n<h2>Los kits contra incendios de alta presi\u00f3n, utilizados como soluci\u00f3n de desinfecci\u00f3n a gran escala en la lucha contra el Covid-19<\/h2>\n<p>News<\/p>\n<p>Para luchar contar el COVID19, los kits de intervenci\u00f3n de alta presi\u00f3n de Fireco se utilizan para la desinfecci\u00f3n masiva en espacios p\u00fablicos y espacios abiertos.<\/p>\n<p><a href=\"https:\/\/motobomba-incendio.com\/en\/fabricacion-fireco\/\" target=\"_blank\" rel=\"noopener\"><br \/>\n<img decoding=\"async\" width=\"400\" height=\"250\" src=\"https:\/\/motobomba-incendio.com\/wp-content\/uploads\/2022\/04\/image1-1-e1582713399982-400x250-1.jpeg\" alt=\"Pump 2\" loading=\"lazy\">\t\t\t\t\t\t\t\t<\/a><\/p>\n<p>Fabricaci\u00f3n FIRECO: una nueva bomba de prueba para sus columnas secas<\/p>\n<p>Bombas contra incendios<\/p>\n<p>Fireco se complace en ofrecerle esta nueva bomba de prueba port\u00e1til, el modelo EFP-25-0.8 (B o E), dise\u00f1ada espec\u00edficamente para la verificaci\u00f3n de columnas secas en presi\u00f3n est\u00e1tica. \u00bfUna bomba de ensayo para columna seca? \u00bfPara qu\u00e9 sirve? Una columna seca&#8230;<\/p>\n<p><a href=\"https:\/\/motobomba-incendio.com\/en\/kits-contra-incendios-los-fundamentos-sobre-la-alta-presion\/\"><br \/>\n<img decoding=\"async\" width=\"1280\" height=\"960\" src=\"https:\/\/motobomba-incendio.com\/wp-content\/uploads\/2022\/04\/SAM_0235-1-1.jpeg\" alt=\"Fire extinguish\" loading=\"lazy\" srcset=\"https:\/\/motobomba-incendio.com\/wp-content\/uploads\/2022\/04\/SAM_0235-1-1.jpeg 1280w, https:\/\/motobomba-incendio.com\/wp-content\/uploads\/2022\/04\/SAM_0235-1-1-768x576.jpeg 768w, https:\/\/motobomba-incendio.com\/wp-content\/uploads\/2022\/04\/SAM_0235-1-1-600x450.jpeg 600w\" sizes=\"auto, (max-width: 1280px) 100vw, 1280px\">\t\t\t\t\t\t\t\t<\/a><\/p>\n<h2>Kits contra incendios &#8211; Los fundamentos sobre la Alta Presi\u00f3n<\/h2>\n<p>Bombas contra incendios<\/p>\n<p>Bases fundamentales En todos los incendios, especialmente forestales, hay 2 problemas principales: \u2022 La DISTANCIA \u2022 La FALTA DE AGUA El FLUJO CR\u00cdTICO (CFR): se define por el flujo m\u00ednimo de agua necesario para apagar suficientemente un fuego en una superficie&#8230;<\/p>\n<p><a href=\"https:\/\/motobomba-incendio.com\/en\/como-elegir-una-bomba-contra-incendio-termica\/\"><br \/>\n<img decoding=\"async\" width=\"950\" height=\"950\" src=\"https:\/\/motobomba-incendio.com\/wp-content\/uploads\/2022\/04\/1.jpeg\" alt=\"Fire pump 1\" loading=\"lazy\" srcset=\"https:\/\/motobomba-incendio.com\/wp-content\/uploads\/2022\/04\/1.jpeg 950w, https:\/\/motobomba-incendio.com\/wp-content\/uploads\/2022\/04\/1-768x768.jpeg 768w, https:\/\/motobomba-incendio.com\/wp-content\/uploads\/2022\/04\/1-300x300.jpeg 300w, https:\/\/motobomba-incendio.com\/wp-content\/uploads\/2022\/04\/1-600x600.jpeg 600w, https:\/\/motobomba-incendio.com\/wp-content\/uploads\/2022\/04\/1-100x100.jpeg 100w\" sizes=\"auto, (max-width: 950px) 100vw, 950px\">\t\t\t\t\t\t\t\t<\/a><\/p>\n<h2>C\u00f3mo elegir una motobomba incendio t\u00e9rmica<\/h2>\n<p>Bombas contra incendios<\/p>\n<p>Una motobomba es una bomba de superficie acoplada a un motor de gasolina o di\u00e9sel para una total autonom\u00eda. El caudal, la presi\u00f3n, la altura de descarga, el HMT y el paso granular son sus principales caracter\u00edsticas. Se utiliza para bombear agua de estanque, inundaci\u00f3n o&#8230;<\/p>\n<p><a href=\"https:\/\/motobomba-incendio.com\/en\/mecmast-nuestro-mastil-mecanico\/\"><br \/>\n<img decoding=\"async\" width=\"400\" height=\"400\" src=\"https:\/\/motobomba-incendio.com\/wp-content\/uploads\/2022\/04\/MECMAST-1.png\" alt=\"Mecmast 1\" loading=\"lazy\" srcset=\"https:\/\/motobomba-incendio.com\/wp-content\/uploads\/2022\/04\/MECMAST-1.png 400w, https:\/\/motobomba-incendio.com\/wp-content\/uploads\/2022\/04\/MECMAST-1-300x300.png 300w, https:\/\/motobomba-incendio.com\/wp-content\/uploads\/2022\/04\/MECMAST-1-100x100.png 100w\" sizes=\"auto, (max-width: 400px) 100vw, 400px\">\t\t\t\t\t\t\t\t<\/a><\/p>\n<h2>\u00a1MECMAST, nuestro m\u00e1stil mec\u00e1nico!<\/h2>\n<p>Euromast<\/p>\n<p>Innovador, nuestro m\u00e1stil Mecmast funciona con un motor el\u00e9ctrico y responde a nuevas necesidades. Ideal para la comunicaci\u00f3n y la seguridad militar, este m\u00e1stil es el m\u00e1s robusto de nuestra gama. Dise\u00f1ado en aleaci\u00f3n de construcci\u00f3n ligera, este m\u00e1stil no necesita calibres,&#8230;<br \/>\n<a href=\"https:\/\/motobomba-incendio.com\/en\/mecmast-nuestro-mastil-mecanico\/\">leer m\u00e1s<\/a><\/p>\n<p><a href=\"https:\/\/motobomba-incendio.com\/en\/hispamast\/\" target=\"_blank\" rel=\"noopener\"><br \/>\n<img decoding=\"async\" width=\"320\" height=\"86\" src=\"https:\/\/motobomba-incendio.com\/wp-content\/uploads\/2022\/04\/Logo-Hispamast-1.png\" alt=\"Logo Hispamast\" loading=\"lazy\">\t\t\t\t\t\t\t\t<\/a><\/p>\n<h2>Sitio HISPAMAST :<\/h2>\n<p>Descubre en nuestro sitio una amplia gama de producto, de las persianas a las lanzas pasando por las remolques y los m\u00e1stiles. <a href=\"https:\/\/hispamast.com\" target=\"_blank\" rel=\"noopener\">Haz clic aqu\u00ed<\/a> !<\/p>","protected":false},"excerpt":{"rendered":"<p>Noticias Los kits contra incendios de alta presi\u00f3n, utilizados como soluci\u00f3n de desinfecci\u00f3n a gran escala en la lucha contra el Covid-19 News Para luchar contar el COVID19, los kits de intervenci\u00f3n de alta presi\u00f3n de Fireco se utilizan para la desinfecci\u00f3n masiva en espacios p\u00fablicos y espacios abiertos. Fabricaci\u00f3n FIRECO: una nueva bomba de [&hellip;]<\/p>","protected":false},"author":2,"featured_media":0,"parent":0,"menu_order":0,"comment_status":"closed","ping_status":"closed","template":"","meta":{"site-sidebar-layout":"no-sidebar","site-content-layout":"page-builder","ast-site-content-layout":"default","site-content-style":"default","site-sidebar-style":"default","ast-global-header-display":"","ast-banner-title-visibility":"","ast-main-header-display":"","ast-hfb-above-header-display":"","ast-hfb-below-header-display":"","ast-hfb-mobile-header-display":"","site-post-title":"disabled","ast-breadcrumbs-content":"","ast-featured-img":"disabled","footer-sml-layout":"","theme-transparent-header-meta":"","adv-header-id-meta":"","stick-header-meta":"","header-above-stick-meta":"","header-main-stick-meta":"","header-below-stick-meta":"","astra-migrate-meta-layouts":"default","ast-page-background-enabled":"default","ast-page-background-meta":{"desktop":{"background-color":"var(--ast-global-color-4)","background-image":"","background-repeat":"repeat","background-position":"center center","background-size":"auto","background-attachment":"scroll","background-type":"","background-media":"","overlay-type":"","overlay-color":"","overlay-opacity":"","overlay-gradient":""},"tablet":{"background-color":"","background-image":"","background-repeat":"repeat","background-position":"center center","background-size":"auto","background-attachment":"scroll","background-type":"","background-media":"","overlay-type":"","overlay-color":"","overlay-opacity":"","overlay-gradient":""},"mobile":{"background-color":"","background-image":"","background-repeat":"repeat","background-position":"center center","background-size":"auto","background-attachment":"scroll","background-type":"","background-media":"","overlay-type":"","overlay-color":"","overlay-opacity":"","overlay-gradient":""}},"ast-content-background-meta":{"desktop":{"background-color":"var(--ast-global-color-5)","background-image":"","background-repeat":"repeat","background-position":"center center","background-size":"auto","background-attachment":"scroll","background-type":"","background-media":"","overlay-type":"","overlay-color":"","overlay-opacity":"","overlay-gradient":""},"tablet":{"background-color":"var(--ast-global-color-5)","background-image":"","background-repeat":"repeat","background-position":"center center","background-size":"auto","background-attachment":"scroll","background-type":"","background-media":"","overlay-type":"","overlay-color":"","overlay-opacity":"","overlay-gradient":""},"mobile":{"background-color":"var(--ast-global-color-5)","background-image":"","background-repeat":"repeat","background-position":"center center","background-size":"auto","background-attachment":"scroll","background-type":"","background-media":"","overlay-type":"","overlay-color":"","overlay-opacity":"","overlay-gradient":""}},"footnotes":""},"class_list":["post-2681","page","type-page","status-publish","hentry"],"aioseo_notices":[],"_links":{"self":[{"href":"https:\/\/motobomba-incendio.com\/en\/wp-json\/wp\/v2\/pages\/2681","targetHints":{"allow":["GET"]}}],"collection":[{"href":"https:\/\/motobomba-incendio.com\/en\/wp-json\/wp\/v2\/pages"}],"about":[{"href":"https:\/\/motobomba-incendio.com\/en\/wp-json\/wp\/v2\/types\/page"}],"author":[{"embeddable":true,"href":"https:\/\/motobomba-incendio.com\/en\/wp-json\/wp\/v2\/users\/2"}],"replies":[{"embeddable":true,"href":"https:\/\/motobomba-incendio.com\/en\/wp-json\/wp\/v2\/comments?post=2681"}],"version-history":[{"count":48,"href":"https:\/\/motobomba-incendio.com\/en\/wp-json\/wp\/v2\/pages\/2681\/revisions"}],"predecessor-version":[{"id":3446,"href":"https:\/\/motobomba-incendio.com\/en\/wp-json\/wp\/v2\/pages\/2681\/revisions\/3446"}],"wp:attachment":[{"href":"https:\/\/motobomba-incendio.com\/en\/wp-json\/wp\/v2\/media?parent=2681"}],"curies":[{"name":"wp","href":"https:\/\/api.w.org\/{rel}","templated":true}]}}