{"id":57,"date":"2022-01-25T08:52:23","date_gmt":"2022-01-25T08:52:23","guid":{"rendered":"http:\/\/motobomba-incendio.com\/?page_id=57"},"modified":"2023-05-24T14:50:30","modified_gmt":"2023-05-24T14:50:30","slug":"motobombas-incendio-certificaciones","status":"publish","type":"page","link":"https:\/\/motobomba-incendio.com\/en\/motobombas-incendio-certificaciones\/","title":{"rendered":"Certificaciones"},"content":{"rendered":"<h1>CERTIFICACIONES<\/h1>\n<h2>Conformidad CE y Garant\u00eda<\/h2>\n<p><strong>Nuestra planta de producci\u00f3n cuenta con las siguientes certificaciones:<\/strong><\/p>\n<p>ISO 9001<\/p>\n<p>ISO 14001<\/p>\n<p>AQAP 110<\/p>\n<p><strong>Con nuestro equipo&nbsp;nos unimos a:<\/strong><\/p>\n<p>\u2022 Conformidad de la CE<\/p>\n<p>\u2022 Certificados de garant\u00eda<\/p>\n<p>\u2022 manual de operaci\u00f3n y mantenimiento<\/p>\n<p>\u2022 Vista de explosi\u00f3n para piezas de repuesto<\/p>\n<p><img decoding=\"async\" width=\"369\" height=\"517\" src=\"https:\/\/motobomba-incendio.com\/wp-content\/uploads\/2022\/03\/cert-1.jpeg\" alt=\"Certi 4\" loading=\"lazy\"><\/p>\n<p><strong>CERTIFICACIONES<\/strong><\/p>\n<p><strong>UNI EN ISO 9001;2008<\/strong><\/p>\n<p><img decoding=\"async\" width=\"344\" height=\"539\" src=\"https:\/\/motobomba-incendio.com\/wp-content\/uploads\/2022\/03\/cert-2.jpeg\" alt=\"Certi 6\" loading=\"lazy\"><\/p>\n<p><strong>CERTIFICACIONES<\/strong><\/p>\n<p><strong>IEC 60204-1<\/strong><\/p>\n<p><img decoding=\"async\" width=\"381\" height=\"550\" src=\"https:\/\/motobomba-incendio.com\/wp-content\/uploads\/2022\/03\/cert-3.jpeg\" alt=\"Certi 3\" loading=\"lazy\"><\/p>\n<p><strong>CERTIFICACIONES<\/strong><\/p>\n<p><strong>EMC<\/strong><\/p>\n<p><img decoding=\"async\" width=\"1042\" height=\"1600\" src=\"https:\/\/motobomba-incendio.com\/wp-content\/uploads\/2022\/03\/Attestatoin-ISO-14001_FIRECO-2.jpeg\" alt=\"Certi 2\" loading=\"lazy\" srcset=\"https:\/\/motobomba-incendio.com\/wp-content\/uploads\/2022\/03\/Attestatoin-ISO-14001_FIRECO-2.jpeg 1042w, https:\/\/motobomba-incendio.com\/wp-content\/uploads\/2022\/03\/Attestatoin-ISO-14001_FIRECO-2-768x1179.jpeg 768w, https:\/\/motobomba-incendio.com\/wp-content\/uploads\/2022\/03\/Attestatoin-ISO-14001_FIRECO-2-1000x1536.jpeg 1000w, https:\/\/motobomba-incendio.com\/wp-content\/uploads\/2022\/03\/Attestatoin-ISO-14001_FIRECO-2-600x921.jpeg 600w\" sizes=\"auto, (max-width: 1042px) 100vw, 1042px\"><\/p>\n<p><strong>CERTIFICACIONES UNI EN ISO 14001;2004<\/strong><\/p>\n<p>&#8230; y muchas certificados militares MIL STD 810&nbsp;<\/p>\n<p><img decoding=\"async\" width=\"395\" height=\"515\" src=\"https:\/\/motobomba-incendio.com\/wp-content\/uploads\/2022\/03\/cert-4.jpeg\" alt=\"Certi 1\" loading=\"lazy\"><\/p>\n<p><strong>CERTIFICACIONES E13<\/strong><\/p>\n<h3>Fireco y la Alta Presi\u00f3n<\/h3>\n<p>Fireco siempre ha sido pionero en la fabricaci\u00f3n de equipos de extinci\u00f3n de incendios al ofrecer bombas de diafragma o de pist\u00f3n. Nuestra empresa est\u00e1 en constante b\u00fasqueda de nuevas soluciones y nuestra experiencia a lo largo de los a\u00f1os nos ha permitido distribuir m\u00e1s de 10.000 bombas de agua y kits contra incendios de alta presi\u00f3n en todo el mundo. Fireco es ahora reconocido en el mercado internacional con una gama de 120 modelos con varias variantes.<br \/>\nFireco fabrica sus equipos a trav\u00e9s de una cadena industrial de hasta 1.000 unidades anuales, de acuerdo con los acuerdos con los fabricantes mundiales de veh\u00edculos contra incendios, a los que Fireco proporciona sus equipos personalizados.<br \/>\nTodo esto supone un liderazgo en el mercado que, en algunos casos, ha implicado la realizaci\u00f3n de copia de la competencia. Nuestros productos pueden ser copiados pero nunca igualados gracias a nuestra experiencia, las cantidades soportadas y las continuas innovaciones en este sector que prueban nuestro verdadero know-how.&nbsp;certificaciones gratuitas<\/p>","protected":false},"excerpt":{"rendered":"<p>CERTIFICACIONES Conformidad CE y Garant\u00eda Nuestra planta de producci\u00f3n cuenta con las siguientes certificaciones: ISO 9001 ISO 14001 AQAP 110 Con nuestro equipo&nbsp;nos unimos a: \u2022 Conformidad de la CE \u2022 Certificados de garant\u00eda \u2022 manual de operaci\u00f3n y mantenimiento \u2022 Vista de explosi\u00f3n para piezas de repuesto CERTIFICACIONES UNI EN ISO 9001;2008 CERTIFICACIONES IEC [&hellip;]<\/p>","protected":false},"author":2,"featured_media":0,"parent":0,"menu_order":0,"comment_status":"closed","ping_status":"closed","template":"","meta":{"site-sidebar-layout":"no-sidebar","site-content-layout":"page-builder","ast-site-content-layout":"default","site-content-style":"default","site-sidebar-style":"default","ast-global-header-display":"","ast-banner-title-visibility":"","ast-main-header-display":"","ast-hfb-above-header-display":"","ast-hfb-below-header-display":"","ast-hfb-mobile-header-display":"","site-post-title":"disabled","ast-breadcrumbs-content":"","ast-featured-img":"disabled","footer-sml-layout":"","theme-transparent-header-meta":"","adv-header-id-meta":"","stick-header-meta":"","header-above-stick-meta":"","header-main-stick-meta":"","header-below-stick-meta":"","astra-migrate-meta-layouts":"default","ast-page-background-enabled":"default","ast-page-background-meta":{"desktop":{"background-color":"var(--ast-global-color-4)","background-image":"","background-repeat":"repeat","background-position":"center center","background-size":"auto","background-attachment":"scroll","background-type":"","background-media":"","overlay-type":"","overlay-color":"","overlay-opacity":"","overlay-gradient":""},"tablet":{"background-color":"","background-image":"","background-repeat":"repeat","background-position":"center center","background-size":"auto","background-attachment":"scroll","background-type":"","background-media":"","overlay-type":"","overlay-color":"","overlay-opacity":"","overlay-gradient":""},"mobile":{"background-color":"","background-image":"","background-repeat":"repeat","background-position":"center center","background-size":"auto","background-attachment":"scroll","background-type":"","background-media":"","overlay-type":"","overlay-color":"","overlay-opacity":"","overlay-gradient":""}},"ast-content-background-meta":{"desktop":{"background-color":"var(--ast-global-color-5)","background-image":"","background-repeat":"repeat","background-position":"center center","background-size":"auto","background-attachment":"scroll","background-type":"","background-media":"","overlay-type":"","overlay-color":"","overlay-opacity":"","overlay-gradient":""},"tablet":{"background-color":"var(--ast-global-color-5)","background-image":"","background-repeat":"repeat","background-position":"center center","background-size":"auto","background-attachment":"scroll","background-type":"","background-media":"","overlay-type":"","overlay-color":"","overlay-opacity":"","overlay-gradient":""},"mobile":{"background-color":"var(--ast-global-color-5)","background-image":"","background-repeat":"repeat","background-position":"center center","background-size":"auto","background-attachment":"scroll","background-type":"","background-media":"","overlay-type":"","overlay-color":"","overlay-opacity":"","overlay-gradient":""}},"footnotes":""},"class_list":["post-57","page","type-page","status-publish","hentry"],"aioseo_notices":[],"_links":{"self":[{"href":"https:\/\/motobomba-incendio.com\/en\/wp-json\/wp\/v2\/pages\/57","targetHints":{"allow":["GET"]}}],"collection":[{"href":"https:\/\/motobomba-incendio.com\/en\/wp-json\/wp\/v2\/pages"}],"about":[{"href":"https:\/\/motobomba-incendio.com\/en\/wp-json\/wp\/v2\/types\/page"}],"author":[{"embeddable":true,"href":"https:\/\/motobomba-incendio.com\/en\/wp-json\/wp\/v2\/users\/2"}],"replies":[{"embeddable":true,"href":"https:\/\/motobomba-incendio.com\/en\/wp-json\/wp\/v2\/comments?post=57"}],"version-history":[{"count":57,"href":"https:\/\/motobomba-incendio.com\/en\/wp-json\/wp\/v2\/pages\/57\/revisions"}],"predecessor-version":[{"id":3413,"href":"https:\/\/motobomba-incendio.com\/en\/wp-json\/wp\/v2\/pages\/57\/revisions\/3413"}],"wp:attachment":[{"href":"https:\/\/motobomba-incendio.com\/en\/wp-json\/wp\/v2\/media?parent=57"}],"curies":[{"name":"wp","href":"https:\/\/api.w.org\/{rel}","templated":true}]}}