{"id":934,"date":"2022-03-01T10:06:35","date_gmt":"2022-03-01T10:06:35","guid":{"rendered":"http:\/\/motobomba-incendio.com\/?post_type=product&#038;p=934"},"modified":"2022-05-06T09:06:20","modified_gmt":"2022-05-06T09:06:20","slug":"kits-contra-incendios-de-alta-presion-sin-cisterna","status":"publish","type":"product","link":"https:\/\/motobomba-incendio.com\/en\/product\/kits-contra-incendios-de-alta-presion-sin-cisterna\/","title":{"rendered":"Kits contra incendios de alta presi\u00f3n &#8211; Sin cisterna"},"content":{"rendered":"<p><span class=\"ng-star-inserted\">M\u00f3dulo solo contra incendios sobre marco listo para instalar<br \/>\n<\/span><span class=\"ng-star-inserted\">Rendimiento adaptado a sus necesidades:<br \/>\n<\/span><span class=\"ng-star-inserted\">34 L\/min. a 170 bar<br \/>\n<\/span><span class=\"ng-star-inserted\">42 L\/min. a 100 bar<br \/>\n<\/span><span class=\"ng-star-inserted\">42 L\/min. a 150 bar<br \/>\n<\/span><span class=\"ng-star-inserted\">50 L\/min. a 40 bar<br \/>\n<\/span><span class=\"ng-star-inserted\">70 L\/min. a 40 bar<br \/>\n<\/span><span class=\"ng-star-inserted\">80 L\/min. a 40 bar<br \/>\n<\/span><span class=\"ng-star-inserted\">100 L\/min. a 50 bar<br \/>\n<\/span><span class=\"ng-star-inserted\">135 L\/min. a 20 bar<br \/>\n<\/span><span class=\"ng-star-inserted\">Motor:<br \/>\n<\/span><span class=\"ng-star-inserted\">Esencia de 9, 13 y 18 CV<br \/>\n<\/span><span class=\"ng-star-inserted\">Di\u00e9sel de 10, 11, 12, 15 y 19 CV<br \/>\n<\/span><span class=\"ng-star-inserted\">En el montaje b\u00e1sico, est\u00e1n desprovistos de carrete con manguera y lanza de alta presi\u00f3n.<br \/>\n<\/span><span class=\"ng-star-inserted\">La anchura aumenta en 290 mm en caso de surtido con carrete de acero con 50 metros de tuber\u00eda.<br \/>\n<\/span><strong><span class=\"ng-star-inserted\">Opci\u00f3n:<br \/>\n<\/span><\/strong><span class=\"ng-star-inserted\">Dosificadores de espuma FHP patentados<br \/>\n<\/span><span class=\"ng-star-inserted\">Lanzas espuma<br \/>\n<\/span><span class=\"ng-star-inserted\">Devanaderas el\u00e9ctricas o manuales<br \/>\n<\/span><span class=\"ng-star-inserted\">Panel de control por lotes<br \/>\n<\/span><span class=\"ng-star-inserted\">Hidroeyector de llenado de cisterna<br \/>\n<\/span><span class=\"ng-star-inserted\">Remolques<\/span><\/p>","protected":false},"excerpt":{"rendered":"<p><strong>Kits contra incendios de alta presi\u00f3n &#8211; Sin cisterna<\/strong><\/p>\n<p><span class=\"ng-star-inserted\">Los grupos motobombas de alta presi\u00f3n est\u00e1n destinados a ser instalados en una cisterna o a ser utilizados de forma aut\u00f3noma.<br \/>\n<\/span><strong><span class=\"ng-star-inserted\">Prestaciones<br \/>\n<\/span><\/strong><span class=\"ng-star-inserted\">Kit de alta presi\u00f3n sin cisterna<br \/>\n<\/span><span class=\"ng-star-inserted\">Varias potencias disponibles<br \/>\n<\/span><strong><span class=\"ng-star-inserted\">Opciones disponibles<br \/>\n<\/span><span class=\"ng-star-inserted\">Informaci\u00f3n adicional<br \/>\n<\/span><\/strong><span class=\"ng-star-inserted\">Peso ND<br \/>\n<\/span><span class=\"ng-star-inserted\">Dimensiones ND<br \/>\n<\/span><span class=\"ng-star-inserted\">Motor<br \/>\n<\/span><span class=\"ng-star-inserted\">Indiferente, Gasolina, Diesel<br \/>\n<\/span><span class=\"ng-star-inserted\"><strong>Prestaciones<\/strong><br \/>\n<\/span><span class=\"ng-star-inserted\">Indiferente, 34 L\/min. a 170 bares, 42 L\/min. a 150 bares, 42 L\/min. a 100 bares, 42 L\/min. a 150 bares, 50 L\/min. a 40 bares, 70 L\/min. a 40 bares, 80 L\/min. a 40 bares, 100 L\/min. a 50 bares, 135\/min. a 20 bares<\/span><\/p>","protected":false},"featured_media":935,"comment_status":"open","ping_status":"closed","template":"","meta":{"site-sidebar-layout":"default","site-content-layout":"default","ast-site-content-layout":"default","site-content-style":"default","site-sidebar-style":"default","ast-global-header-display":"","ast-banner-title-visibility":"","ast-main-header-display":"","ast-hfb-above-header-display":"","ast-hfb-below-header-display":"","ast-hfb-mobile-header-display":"","site-post-title":"","ast-breadcrumbs-content":"","ast-featured-img":"","footer-sml-layout":"","theme-transparent-header-meta":"","adv-header-id-meta":"","stick-header-meta":"","header-above-stick-meta":"","header-main-stick-meta":"","header-below-stick-meta":"","astra-migrate-meta-layouts":"default","ast-page-background-enabled":"default","ast-page-background-meta":{"desktop":{"background-color":"var(--ast-global-color-4)","background-image":"","background-repeat":"repeat","background-position":"center center","background-size":"auto","background-attachment":"scroll","background-type":"","background-media":"","overlay-type":"","overlay-color":"","overlay-opacity":"","overlay-gradient":""},"tablet":{"background-color":"","background-image":"","background-repeat":"repeat","background-position":"center center","background-size":"auto","background-attachment":"scroll","background-type":"","background-media":"","overlay-type":"","overlay-color":"","overlay-opacity":"","overlay-gradient":""},"mobile":{"background-color":"","background-image":"","background-repeat":"repeat","background-position":"center center","background-size":"auto","background-attachment":"scroll","background-type":"","background-media":"","overlay-type":"","overlay-color":"","overlay-opacity":"","overlay-gradient":""}},"ast-content-background-meta":{"desktop":{"background-color":"var(--ast-global-color-5)","background-image":"","background-repeat":"repeat","background-position":"center center","background-size":"auto","background-attachment":"scroll","background-type":"","background-media":"","overlay-type":"","overlay-color":"","overlay-opacity":"","overlay-gradient":""},"tablet":{"background-color":"var(--ast-global-color-5)","background-image":"","background-repeat":"repeat","background-position":"center center","background-size":"auto","background-attachment":"scroll","background-type":"","background-media":"","overlay-type":"","overlay-color":"","overlay-opacity":"","overlay-gradient":""},"mobile":{"background-color":"var(--ast-global-color-5)","background-image":"","background-repeat":"repeat","background-position":"center center","background-size":"auto","background-attachment":"scroll","background-type":"","background-media":"","overlay-type":"","overlay-color":"","overlay-opacity":"","overlay-gradient":""}}},"product_brand":[],"product_cat":[32],"product_tag":[43],"class_list":{"0":"post-934","1":"product","2":"type-product","3":"status-publish","4":"has-post-thumbnail","6":"product_cat-kits-incendios","7":"product_tag-bomberos","9":"first","10":"instock","11":"shipping-taxable","12":"product-type-simple"},"aioseo_notices":[],"_links":{"self":[{"href":"https:\/\/motobomba-incendio.com\/en\/wp-json\/wp\/v2\/product\/934","targetHints":{"allow":["GET"]}}],"collection":[{"href":"https:\/\/motobomba-incendio.com\/en\/wp-json\/wp\/v2\/product"}],"about":[{"href":"https:\/\/motobomba-incendio.com\/en\/wp-json\/wp\/v2\/types\/product"}],"replies":[{"embeddable":true,"href":"https:\/\/motobomba-incendio.com\/en\/wp-json\/wp\/v2\/comments?post=934"}],"wp:featuredmedia":[{"embeddable":true,"href":"https:\/\/motobomba-incendio.com\/en\/wp-json\/wp\/v2\/media\/935"}],"wp:attachment":[{"href":"https:\/\/motobomba-incendio.com\/en\/wp-json\/wp\/v2\/media?parent=934"}],"wp:term":[{"taxonomy":"product_brand","embeddable":true,"href":"https:\/\/motobomba-incendio.com\/en\/wp-json\/wp\/v2\/product_brand?post=934"},{"taxonomy":"product_cat","embeddable":true,"href":"https:\/\/motobomba-incendio.com\/en\/wp-json\/wp\/v2\/product_cat?post=934"},{"taxonomy":"product_tag","embeddable":true,"href":"https:\/\/motobomba-incendio.com\/en\/wp-json\/wp\/v2\/product_tag?post=934"}],"curies":[{"name":"wp","href":"https:\/\/api.w.org\/{rel}","templated":true}]}}